{"id":1518,"date":"2018-05-11T09:06:49","date_gmt":"2018-05-11T09:06:49","guid":{"rendered":"https:\/\/makinmolownyportela.com\/politica-de-cookies\/"},"modified":"2019-02-27T09:39:55","modified_gmt":"2019-02-27T09:39:55","slug":"politica-de-cookies","status":"publish","type":"page","link":"https:\/\/makinmolownyportela.com\/en\/politica-de-cookies\/","title":{"rendered":"Pol\u00edtica de Cookies"},"content":{"rendered":"<div class=\"wpb-content-wrapper\"><p>[vc_row row_type=&#8221;row&#8221; use_row_as_full_screen_section=&#8221;no&#8221; type=&#8221;full_width&#8221; text_align=&#8221;left&#8221; background_animation=&#8221;none&#8221; css_animation=&#8221;&#8221;][vc_column][vc_empty_space height=&#8221;125px&#8221;][vc_column_text]<\/p>\n<h1>POL\u00cdTICA DE COOKIES<\/h1>\n<p>&nbsp;<\/p>\n<p>Este portal usa cookies para mejorar la experiencia de navegaci\u00f3n del usuario. A continuaci\u00f3n encontrar\u00e1 informaci\u00f3n sobre qu\u00e9 son las cookies, qu\u00e9 tipo de cookies utiliza este portal, c\u00f3mo puede desactivar las cookies en su navegador y como desactivar espec\u00edficamente la instalaci\u00f3n de cookies de terceros.<\/p>\n<p>Una cookie es un fichero que se descarga en su ordenador o dispositivo Smartphone, tableta o televisi\u00f3n conectada, al acceder a determinadas p\u00e1ginas web. Las cookies permiten a una p\u00e1gina web, entre otras cosas, almacenar y recuperar informaci\u00f3n sobre los h\u00e1bitos de navegaci\u00f3n de un usuario o de su equipo, recopilar informaci\u00f3n estad\u00edstica y, dependiendo de la informaci\u00f3n que contenga y de la forma en que utilice su equipo, pueden utilizarse para reconocer al usuario.<\/p>\n<p>Las cookies son esenciales para el funcionamiento de internet, aportando innumerables ventajas en la prestaci\u00f3n de servicios interactivos, facilit\u00e1ndole la navegaci\u00f3n y usabilidad de nuestra web. Facilitan que las p\u00e1ginas web funcionen de forma \u00e1gil y correcta, almacenan sus preferencias (como el idioma o la moneda que ha seleccionado) y recopilan informaci\u00f3n estad\u00edstica an\u00f3nima (como qu\u00e9 p\u00e1ginas nuestras ha visitado y cuando tiempo ha estado en ellas), permiti\u00e9ndonos ofrecerle publicidad m\u00e1s eficiente y mejores servicios de forma gratuita.<\/p>\n<p>Al navegar y continuar en nuestro sitio Web Vd. estar\u00e1 consintiendo el uso de las cookies en las condiciones contenidas en la presente Pol\u00edtica de Cookies.<\/p>\n<p><strong>Tipolog\u00eda, finalidad y funcionamiento de las cookies<\/strong><\/p>\n<p>Seg\u00fan el plazo de tiempo que permanezcan activadas, se clasifican en:<\/p>\n<p><strong>COOKIES DE SESI\u00d3N:<\/strong> Almacenan datos \u00fanicamente mientras el usuario navega en la p\u00e1gina web. Expiran cuando el usuario cierra el navegador.<\/p>\n<p><strong>COOKIES PERMANENTES:<\/strong> Almacenan los datos en el terminal para que sean accedidos y utilizados en m\u00e1s de una sesi\u00f3n.<\/p>\n<p>Seg\u00fan la entidad que las gestione, pueden ser:<\/p>\n<p><strong>COOKIES PROPIAS:<\/strong><br \/>\nSon enviadas al ordenador del usuario y gestionadas exclusivamente por nosotros para el mejor funcionamiento del sitio Web. Se emplean para mejorar la calidad de nuestro servicio y la experiencia del usuario.<\/p>\n<p><strong>COOKIES DE TERCEROS:<\/strong><br \/>\nSon aquellas establecidas por un dominio diferente al nuestro. No podemos acceder a los datos almacenados en las cookies de otros sitios web cuando naveguen en dichos sitios web (por ejemplo, redes sociales o videos alojados en otro sitio web)<\/p>\n<p>Seg\u00fan la finalidad para la que se traten los datos obtenidos a trav\u00e9s de las cookies, el sitio web puede utilizar:<\/p>\n<p><strong>COOKIES DE MEJORA DEL RENDIMIENTO:<\/strong><br \/>\nConservan sus preferencias para ciertas herramientas o servicios, para que no tenga que reconfigurarlos cada vez que visita nuestro portal. En algunos casos, pueden ser aportadas por terceros. Algunos ejemplos de este tipo de cookies son: ajuste del volumen de los reproductores audiovisuales, preferencias de ordenaci\u00f3n de art\u00edculos o velocidades de reproducci\u00f3n de v\u00eddeo compatibles. En el caso de comercio electr\u00f3nico, permiten mantener informaci\u00f3n sobre su cesta de la compra. Nuestra web utiliza servicios de terceros que podr\u00e1n instalar cookies para la mejora del rendimiento.<\/p>\n<p><strong>COOKIES DE AN\u00c1LISIS ESTAD\u00cdSTICO:<\/strong><br \/>\nSon aquellas que permiten realizar el seguimiento y an\u00e1lisis del comportamiento de los usuarios en los sitios web. La informaci\u00f3n recogida mediante este tipo de cookies se utiliza en la medici\u00f3n de la actividad del sitio web, aplicaci\u00f3n o plataforma y para la elaboraci\u00f3n de perfiles de navegaci\u00f3n de los usuarios de dicho sitio web, con el fin de introducir mejoras en el servicio en funci\u00f3n de los datos de uso que hacen los usuarios.<\/p>\n<p>Importante: Salvo que el Usuario decida registrarse en un Servicio ofrecido por este sitio Web, la cookie nunca ir\u00e1 asociada a ning\u00fan dato de car\u00e1cter personal que pueda identificarle. Dichas cookies s\u00f3lo ser\u00e1n utilizadas con prop\u00f3sitos estad\u00edsticos que ayuden a la optimizaci\u00f3n de la experiencia de los Usuarios en el sitio.<\/p>\n<p><strong>COOKIES DE GEOLOCALIZACI\u00d3N:<\/strong><br \/>\nSe utilizan por programas que intentan localizar geogr\u00e1ficamente la situaci\u00f3n del ordenador, Smartphone, tableta o televisi\u00f3n conectada, para, de manera totalmente an\u00f3nima, ofrecerle contenidos y servicios m\u00e1s adecuados.<\/p>\n<p><strong>COOKIES DE REGISTRO:<\/strong><br \/>\nCuando usted se registra en nuestro portal, se generan cookies propias que le identifican como usuario registrado, por ejemplo, para comprobar si est\u00e1 autorizado a acceder a ciertos servicios o para participar en un concurso.<\/p>\n<p><strong>COOKIES PUBLICITARIAS:<\/strong><br \/>\nPermiten gestionar eficazmente los espacios publicitarios de nuestro sitio web, adecuando el contenido del anuncio al contenido del servicio solicitado o al uso que realice de nuestra p\u00e1gina web. Gracias a ella podemos conocer sus h\u00e1bitos de navegaci\u00f3n en internet y mostrarle publicidad relacionada con su perfil de navegaci\u00f3n.<\/p>\n<p><strong>COOKIES PUBLICITARIAS DE TERCEROS:<\/strong><br \/>\nAdem\u00e1s de la publicidad gestionada directamente por nuestro sitio web en sus Servicios, ofrecemos a nuestros anunciantes la opci\u00f3n de servir anuncios a trav\u00e9s de terceros (Ad Servers). De este modo, estos terceros pueden almacenar Cookies enviadas desde los Servicios de nuestro sitio web procedentes de los navegadores de los usuarios, as\u00ed como acceder a los datos que en ellas se guardan.<\/p>\n<p><strong>OTRAS COOKIES DE TERCEROS:<\/strong><br \/>\nEn algunas de nuestras p\u00e1ginas se pueden instalar cookies de terceros que permitan gestionar y mejorar los servicios que \u00e9stos ofrecen. Un ejemplo de este uso son los enlaces a las redes sociales que permiten compartir nuestros contenidos o servicios estad\u00edsticos de Google Analytics y Comscore.<\/p>\n<p>\u00bfC\u00f3mo administrar cookies en el navegador?<\/p>\n<p>El usuario tiene la opci\u00f3n de permitir, bloquear o eliminar las cookies instaladas en su equipo mediante la configuraci\u00f3n de las opciones de su navegador de internet.<\/p>\n<p>Todos los navegadores modernos permiten cambiar la configuraci\u00f3n de Cookies. Estos ajustes normalmente se encuentran en las opciones o preferencias del men\u00fa de su navegador.<\/p>\n<p>Ofrecemos la siguiente orientaci\u00f3n al Usuario sobre los pasos para acceder al men\u00fa de configuraci\u00f3n de las cookies y configurar su navegador:<\/p>\n<p><strong>Internet Explorer:<\/strong><br \/>\nHerramientas-&gt; Opciones de Internet-&gt; Privacidad-&gt; Configuraci\u00f3n.<br \/>\nPara m\u00e1s informaci\u00f3n, puede consultar el soporte de Microsoft o la Ayuda del Navegador.<br \/>\nhttps:\/\/support.microsoft.com\/es-es<\/p>\n<p><strong>Firefox:<\/strong><br \/>\nHerramientas-&gt; Opciones-&gt; Privacidad-&gt; Historial-&gt; Configuraci\u00f3n Personalizada.<br \/>\nPara m\u00e1s informaci\u00f3n puede consultar el soporte de Mozilla o la Ayuda del Navegador.<br \/>\nhttps:\/\/support.mozilla.org\/es\/products\/firefox<\/p>\n<p><strong>Google Chrome:<\/strong><br \/>\nConfiguraci\u00f3n-&gt;Mostrar opciones avanzadas-&gt; Privacidad-&gt; Configuraci\u00f3n de contenido.<br \/>\nPara m\u00e1s informaci\u00f3n, puede consultar el soporte de Google o la Ayuda del Navegador.<br \/>\nhttps:\/\/support.google.com\/?hl=es<\/p>\n<p><strong>Safari:<\/strong><br \/>\nPreferencias-&gt;Seguridad.<br \/>\nPara m\u00e1s informaci\u00f3n, puede consultar el soporte de Apple o la Ayuda del Navegador<br \/>\nhttps:\/\/www.apple.com\/es\/support\/<\/p>\n<p><strong>\u00bfQu\u00e9 ocurre si se deshabilitan las cookies?<\/strong><\/p>\n<p>Algunas funcionalidades de los Servicios quedar\u00e1n deshabilitados como, por ejemplo, permanecer identificado, mantener las compras en el carrito de la compra en un Servicio de comercio electr\u00f3nico, recibir informaci\u00f3n dirigida a su localizaci\u00f3n o la visualizaci\u00f3n de algunos v\u00eddeos.<\/p>\n<p>Actualizaciones y cambios en la Pol\u00edtica de Cookies<\/p>\n<p>Podemos actualizar esta Pol\u00edtica de Cookies en cualquier momento y sin previo aviso por lo que recomendamos a nuestros usuarios revisen esta pol\u00edtica cada vez que accedan a nuestro sitio Web.<\/p>\n<p>Makin y Molowny Arquitectos, S.L.P. no se responsabiliza del contenido y veracidad de las pol\u00edticas de privacidad de los terceros incluidas en esta pol\u00edtica de cookies.[\/vc_column_text][vc_empty_space height=&#8221;100px&#8221;][\/vc_column][\/vc_row]<\/p>\n<\/div>","protected":false},"excerpt":{"rendered":"<p>[vc_row row_type=&#8221;row&#8221; use_row_as_full_screen_section=&#8221;no&#8221; type=&#8221;full_width&#8221; text_align=&#8221;left&#8221; background_animation=&#8221;none&#8221; css_animation=&#8221;&#8221;][vc_column][vc_empty_space height=&#8221;125px&#8221;][vc_column_text] POL\u00cdTICA DE COOKIES &nbsp; Este portal usa cookies para mejorar la experiencia de navegaci\u00f3n del usuario. A continuaci\u00f3n encontrar\u00e1 informaci\u00f3n sobre qu\u00e9 son las cookies, qu\u00e9 tipo de cookies utiliza este portal, c\u00f3mo puede desactivar las cookies&#8230;<\/p>\n","protected":false},"author":4,"featured_media":0,"parent":0,"menu_order":0,"comment_status":"closed","ping_status":"closed","template":"","meta":{"footnotes":""},"class_list":["post-1518","page","type-page","status-publish","hentry"],"yoast_head":"<!-- This site is optimized with the Yoast SEO plugin v27.2 - https:\/\/yoast.com\/product\/yoast-seo-wordpress\/ -->\n<title>Pol\u00edtica de Cookies - Makin Molowny Portela<\/title>\n<meta name=\"robots\" content=\"index, follow, max-snippet:-1, max-image-preview:large, max-video-preview:-1\" \/>\n<link rel=\"canonical\" href=\"https:\/\/makinmolownyportela.com\/politica-de-cookies\/\" \/>\n<meta property=\"og:locale\" content=\"en_US\" \/>\n<meta property=\"og:type\" content=\"article\" \/>\n<meta property=\"og:title\" content=\"Pol\u00edtica de Cookies - Makin Molowny Portela\" \/>\n<meta property=\"og:description\" content=\"[vc_row row_type=&#8221;row&#8221; use_row_as_full_screen_section=&#8221;no&#8221; type=&#8221;full_width&#8221; text_align=&#8221;left&#8221; background_animation=&#8221;none&#8221; css_animation=&#8221;&#8221;][vc_column][vc_empty_space height=&#8221;125px&#8221;][vc_column_text] POL\u00cdTICA DE COOKIES &nbsp; Este portal usa cookies para mejorar la experiencia de navegaci\u00f3n del usuario. A continuaci\u00f3n encontrar\u00e1 informaci\u00f3n sobre qu\u00e9 son las cookies, qu\u00e9 tipo de cookies utiliza este portal, c\u00f3mo puede desactivar las cookies...\" \/>\n<meta property=\"og:url\" content=\"https:\/\/makinmolownyportela.com\/politica-de-cookies\/\" \/>\n<meta property=\"og:site_name\" content=\"Makin Molowny Portela\" \/>\n<meta property=\"article:modified_time\" content=\"2019-02-27T09:39:55+00:00\" \/>\n<meta name=\"twitter:card\" content=\"summary_large_image\" \/>\n<meta name=\"twitter:label1\" content=\"Est. reading time\" \/>\n\t<meta name=\"twitter:data1\" content=\"7 minutes\" \/>\n<script type=\"application\/ld+json\" class=\"yoast-schema-graph\">{\"@context\":\"https:\/\/schema.org\",\"@graph\":[{\"@type\":\"WebPage\",\"@id\":\"https:\/\/makinmolownyportela.com\/politica-de-cookies\/\",\"url\":\"https:\/\/makinmolownyportela.com\/politica-de-cookies\/\",\"name\":\"Pol\u00edtica de Cookies - Makin Molowny Portela\",\"isPartOf\":{\"@id\":\"https:\/\/makinmolownyportela.com\/en\/#website\"},\"datePublished\":\"2018-05-11T09:06:49+00:00\",\"dateModified\":\"2019-02-27T09:39:55+00:00\",\"breadcrumb\":{\"@id\":\"https:\/\/makinmolownyportela.com\/politica-de-cookies\/#breadcrumb\"},\"inLanguage\":\"en-US\",\"potentialAction\":[{\"@type\":\"ReadAction\",\"target\":[\"https:\/\/makinmolownyportela.com\/politica-de-cookies\/\"]}]},{\"@type\":\"BreadcrumbList\",\"@id\":\"https:\/\/makinmolownyportela.com\/politica-de-cookies\/#breadcrumb\",\"itemListElement\":[{\"@type\":\"ListItem\",\"position\":1,\"name\":\"Portada\",\"item\":\"https:\/\/makinmolownyportela.com\/en\/\"},{\"@type\":\"ListItem\",\"position\":2,\"name\":\"Pol\u00edtica de Cookies\"}]},{\"@type\":\"WebSite\",\"@id\":\"https:\/\/makinmolownyportela.com\/en\/#website\",\"url\":\"https:\/\/makinmolownyportela.com\/en\/\",\"name\":\"Makin Molowny Portela\",\"description\":\"Architecture, Eegineering. Studio based in Santa Cruz de Tenerife\",\"potentialAction\":[{\"@type\":\"SearchAction\",\"target\":{\"@type\":\"EntryPoint\",\"urlTemplate\":\"https:\/\/makinmolownyportela.com\/en\/?s={search_term_string}\"},\"query-input\":{\"@type\":\"PropertyValueSpecification\",\"valueRequired\":true,\"valueName\":\"search_term_string\"}}],\"inLanguage\":\"en-US\"}]}<\/script>\n<!-- \/ Yoast SEO plugin. -->","yoast_head_json":{"title":"Pol\u00edtica de Cookies - Makin Molowny Portela","robots":{"index":"index","follow":"follow","max-snippet":"max-snippet:-1","max-image-preview":"max-image-preview:large","max-video-preview":"max-video-preview:-1"},"canonical":"https:\/\/makinmolownyportela.com\/politica-de-cookies\/","og_locale":"en_US","og_type":"article","og_title":"Pol\u00edtica de Cookies - Makin Molowny Portela","og_description":"[vc_row row_type=&#8221;row&#8221; use_row_as_full_screen_section=&#8221;no&#8221; type=&#8221;full_width&#8221; text_align=&#8221;left&#8221; background_animation=&#8221;none&#8221; css_animation=&#8221;&#8221;][vc_column][vc_empty_space height=&#8221;125px&#8221;][vc_column_text] POL\u00cdTICA DE COOKIES &nbsp; Este portal usa cookies para mejorar la experiencia de navegaci\u00f3n del usuario. A continuaci\u00f3n encontrar\u00e1 informaci\u00f3n sobre qu\u00e9 son las cookies, qu\u00e9 tipo de cookies utiliza este portal, c\u00f3mo puede desactivar las cookies...","og_url":"https:\/\/makinmolownyportela.com\/politica-de-cookies\/","og_site_name":"Makin Molowny Portela","article_modified_time":"2019-02-27T09:39:55+00:00","twitter_card":"summary_large_image","twitter_misc":{"Est. reading time":"7 minutes"},"schema":{"@context":"https:\/\/schema.org","@graph":[{"@type":"WebPage","@id":"https:\/\/makinmolownyportela.com\/politica-de-cookies\/","url":"https:\/\/makinmolownyportela.com\/politica-de-cookies\/","name":"Pol\u00edtica de Cookies - Makin Molowny Portela","isPartOf":{"@id":"https:\/\/makinmolownyportela.com\/en\/#website"},"datePublished":"2018-05-11T09:06:49+00:00","dateModified":"2019-02-27T09:39:55+00:00","breadcrumb":{"@id":"https:\/\/makinmolownyportela.com\/politica-de-cookies\/#breadcrumb"},"inLanguage":"en-US","potentialAction":[{"@type":"ReadAction","target":["https:\/\/makinmolownyportela.com\/politica-de-cookies\/"]}]},{"@type":"BreadcrumbList","@id":"https:\/\/makinmolownyportela.com\/politica-de-cookies\/#breadcrumb","itemListElement":[{"@type":"ListItem","position":1,"name":"Portada","item":"https:\/\/makinmolownyportela.com\/en\/"},{"@type":"ListItem","position":2,"name":"Pol\u00edtica de Cookies"}]},{"@type":"WebSite","@id":"https:\/\/makinmolownyportela.com\/en\/#website","url":"https:\/\/makinmolownyportela.com\/en\/","name":"Makin Molowny Portela","description":"Architecture, Eegineering. Studio based in Santa Cruz de Tenerife","potentialAction":[{"@type":"SearchAction","target":{"@type":"EntryPoint","urlTemplate":"https:\/\/makinmolownyportela.com\/en\/?s={search_term_string}"},"query-input":{"@type":"PropertyValueSpecification","valueRequired":true,"valueName":"search_term_string"}}],"inLanguage":"en-US"}]}},"_links":{"self":[{"href":"https:\/\/makinmolownyportela.com\/en\/wp-json\/wp\/v2\/pages\/1518","targetHints":{"allow":["GET"]}}],"collection":[{"href":"https:\/\/makinmolownyportela.com\/en\/wp-json\/wp\/v2\/pages"}],"about":[{"href":"https:\/\/makinmolownyportela.com\/en\/wp-json\/wp\/v2\/types\/page"}],"author":[{"embeddable":true,"href":"https:\/\/makinmolownyportela.com\/en\/wp-json\/wp\/v2\/users\/4"}],"replies":[{"embeddable":true,"href":"https:\/\/makinmolownyportela.com\/en\/wp-json\/wp\/v2\/comments?post=1518"}],"version-history":[{"count":1,"href":"https:\/\/makinmolownyportela.com\/en\/wp-json\/wp\/v2\/pages\/1518\/revisions"}],"predecessor-version":[{"id":1863,"href":"https:\/\/makinmolownyportela.com\/en\/wp-json\/wp\/v2\/pages\/1518\/revisions\/1863"}],"wp:attachment":[{"href":"https:\/\/makinmolownyportela.com\/en\/wp-json\/wp\/v2\/media?parent=1518"}],"curies":[{"name":"wp","href":"https:\/\/api.w.org\/{rel}","templated":true}]}}